{"id":1335,"date":"2025-01-31T21:47:16","date_gmt":"2025-01-31T21:47:16","guid":{"rendered":"https:\/\/creagif.fr\/?page_id=1335"},"modified":"2026-02-25T13:21:03","modified_gmt":"2026-02-25T13:21:03","slug":"logiciels-dart-digital-opensource-ou-substitut-de-logiciels-payants","status":"publish","type":"page","link":"https:\/\/creagif.fr\/?page_id=1335","title":{"rendered":"Logiciels d&rsquo;art digital"},"content":{"rendered":"\n<section class=\"logiciels-hero\">\n  <div class=\"logiciels-hero-inner\">\n    <p class=\"hero-kicker\">Ressources cr\u00e9atives &#038; bureautiques<\/p>\n    <h1>Logith\u00e8que professionnelle compl\u00e8te<\/h1>\n    <p class=\"hero-subtitle\">\n      Une s\u00e9lection de logiciels gratuits ou \u00e0 licence libre, r\u00e9put\u00e9s et fiables,\n      pour la bureautique, la cr\u00e9ation graphique, la vid\u00e9o, l\u2019audio, la 3D, le web\n      et l\u2019illustration. Une logith\u00e8que pens\u00e9e pour les cr\u00e9atifs, \u00e9tudiants,\n      ind\u00e9pendants et petites structures.\n    <\/p>\n    <div class=\"hero-tags\">\n      <span>\ud83c\udfa8 Design<\/span>\n      <span>\ud83d\udcd1 Bureautique<\/span>\n      <span>\ud83d\uddbc Retouche photo<\/span>\n      <span>\u270f\ufe0f Vectoriel<\/span>\n      <span>\ud83c\udfac Vid\u00e9o<\/span>\n      <span>\ud83c\udfa7 Audio<\/span>\n      <span>\ud83e\uddca 3D<\/span>\n      <span>\ud83c\udf10 Web<\/span>\n    <\/div>\n    <p class=\"hero-note\">\n      Tous les liens pointent vers les sites officiels des \u00e9diteurs ou des plateformes reconnues.\n    <\/p>\n  <\/div>\n<\/section>\n\n<section class=\"logiciels-recommandes\">\n\n  <!-- 1. Suites bureautiques & Office en ligne -->\n  <div class=\"soft-section\">\n    <h2>Suites bureautiques &amp; Office en ligne<\/h2>\n    <p class=\"soft-section-desc\">\n      Pour r\u00e9diger, calculer, pr\u00e9senter : des alternatives cr\u00e9dibles aux suites\n      payantes, ainsi que des versions en ligne gratuites.\n    <\/p>\n    <ul class=\"soft-list\">\n      <li>\n        <span class=\"soft-name\">LibreOffice<\/span>\n        <span class=\"soft-desc\">\n          Suite bureautique compl\u00e8te (texte, tableur, pr\u00e9sentation, dessin).\n        <\/span>\n        <a href=\"https:\/\/www.libreoffice.org\/\" target=\"_blank\" rel=\"noopener\" class=\"soft-link\">\n          Site officiel\n        <\/a>\n      <\/li>\n      <li>\n        <span class=\"soft-name\">Apache OpenOffice<\/span>\n        <span class=\"soft-desc\">\n          Suite bureautique libre, compatible avec de nombreux formats.\n        <\/span>\n        <a href=\"https:\/\/www.openoffice.org\/\" target=\"_blank\" rel=\"noopener\" class=\"soft-link\">\n          Site officiel\n        <\/a>\n      <\/li>\n      <li>\n        <span class=\"soft-name\">OnlyOffice Desktop Editors<\/span>\n        <span class=\"soft-desc\">\n          Suite moderne compatible Microsoft Office, pour un usage local.\n        <\/span>\n        <a href=\"https:\/\/www.onlyoffice.com\/\" target=\"_blank\" rel=\"noopener\" class=\"soft-link\">\n          Site officiel\n        <\/a>\n      <\/li>\n      <li>\n        <span class=\"soft-name\">WPS Office Free<\/span>\n        <span class=\"soft-desc\">\n          Alternative gratuite proche de Microsoft Office (Windows, macOS, Linux).\n        <\/span>\n        <a href=\"https:\/\/www.wps.com\/\" target=\"_blank\" rel=\"noopener\" class=\"soft-link\">\n          Site officiel\n        <\/a>\n      <\/li>\n      <li>\n        <span class=\"soft-name\">SoftMaker FreeOffice<\/span>\n        <span class=\"soft-desc\">\n          Suite bureautique l\u00e9g\u00e8re et rapide pour PC.\n        <\/span>\n        <a href=\"https:\/\/www.freeoffice.com\/\" target=\"_blank\" rel=\"noopener\" class=\"soft-link\">\n          Site officiel\n        <\/a>\n      <\/li>\n      <li>\n        <span class=\"soft-name\">Google Docs \/ Sheets \/ Slides<\/span>\n        <span class=\"soft-desc\">\n          Suite bureautique en ligne gratuite avec un compte Google.\n        <\/span>\n        <a href=\"https:\/\/docs.google.com\/\" target=\"_blank\" rel=\"noopener\" class=\"soft-link\">\n          Acc\u00e9der\n        <\/a>\n      <\/li>\n      <li>\n        <span class=\"soft-name\">Microsoft Office Online<\/span>\n        <span class=\"soft-desc\">\n          Version web gratuite de Word, Excel et PowerPoint.\n        <\/span>\n        <a href=\"https:\/\/www.office.com\/\" target=\"_blank\" rel=\"noopener\" class=\"soft-link\">\n          Acc\u00e9der\n        <\/a>\n      <\/li>\n      <li>\n        <span class=\"soft-name\">Zoho Office Suite<\/span>\n        <span class=\"soft-desc\">\n          Suite bureautique en ligne avec traitement de texte, tableur et pr\u00e9sentation.\n        <\/span>\n        <a href=\"https:\/\/www.zoho.com\/office-suite\/\" target=\"_blank\" rel=\"noopener\" class=\"soft-link\">\n          Site officiel\n        <\/a>\n      <\/li>\n    <\/ul>\n  <\/div>\n\n  <!-- 2. Compression, fichiers & PDF -->\n  <div class=\"soft-section\">\n    <h2>Compression de fichiers &amp; PDF<\/h2>\n    <p class=\"soft-section-desc\">\n      Outils indispensables pour g\u00e9rer vos archives (.zip, .rar\u2026) et vos documents PDF.\n    <\/p>\n    <ul class=\"soft-list\">\n      <li>\n        <span class=\"soft-name\">WinRAR<\/span>\n        <span class=\"soft-desc\">\n          Gestionnaire d\u2019archives tr\u00e8s r\u00e9pandu (version d\u2019essai non limit\u00e9e).\n        <\/span>\n        <a href=\"https:\/\/www.win-rar.com\/\" target=\"_blank\" rel=\"noopener\" class=\"soft-link\">\n          Site officiel\n        <\/a>\n      <\/li>\n      <li>\n        <span class=\"soft-name\">7-Zip<\/span>\n        <span class=\"soft-desc\">\n          Compresseur libre tr\u00e8s performant, supporte de nombreux formats.\n        <\/span>\n        <a href=\"https:\/\/www.7-zip.org\/\" target=\"_blank\" rel=\"noopener\" class=\"soft-link\">\n          Site officiel\n        <\/a>\n      <\/li>\n      <li>\n        <span class=\"soft-name\">PeaZip<\/span>\n        <span class=\"soft-desc\">\n          Gestionnaire d\u2019archives multi-formats (ZIP, RAR, 7Z, TAR\u2026).\n        <\/span>\n        <a href=\"https:\/\/peazip.github.io\/\" target=\"_blank\" rel=\"noopener\" class=\"soft-link\">\n          Site officiel\n        <\/a>\n      <\/li>\n      <li>\n        <span class=\"soft-name\">SumatraPDF<\/span>\n        <span class=\"soft-desc\">\n          Lecteur PDF ultra l\u00e9ger, id\u00e9al pour la lecture rapide.\n        <\/span>\n        <a href=\"https:\/\/www.sumatrapdfreader.org\/free-pdf-reader.html\" target=\"_blank\" rel=\"noopener\" class=\"soft-link\">\n          Site officiel\n        <\/a>\n      <\/li>\n      <li>\n        <span class=\"soft-name\">PDFsam Basic<\/span>\n        <span class=\"soft-desc\">\n          D\u00e9couper, fusionner, r\u00e9organiser facilement des fichiers PDF.\n        <\/span>\n        <a href=\"https:\/\/pdfsam.org\/\" target=\"_blank\" rel=\"noopener\" class=\"soft-link\">\n          Site officiel\n        <\/a>\n      <\/li>\n    <\/ul>\n  <\/div>\n\n  <!-- 3. Retouche photo & image -->\n  <div class=\"soft-section\">\n    <h2>Retouche photo &amp; image (alternatives \u00e0 Photoshop)<\/h2>\n    <p class=\"soft-section-desc\">\n      Pour la retouche, le photomontage et le d\u00e9veloppement RAW.\n    <\/p>\n    <ul class=\"soft-list\">\n      <li>\n        <span class=\"soft-name\">GIMP<\/span>\n        <span class=\"soft-desc\">\n          R\u00e9f\u00e9rence libre pour la retouche photo avanc\u00e9e.\n        <\/span>\n        <a href=\"https:\/\/www.gimp.org\/\" target=\"_blank\" rel=\"noopener\" class=\"soft-link\">\n          Site officiel\n        <\/a>\n      <\/li>\n      <li>\n        <span class=\"soft-name\">Photopea<\/span>\n        <span class=\"soft-desc\">\n          \u00c9diteur en ligne compatible PSD, tr\u00e8s proche de Photoshop.\n        <\/span>\n        <a href=\"https:\/\/www.photopea.com\/\" target=\"_blank\" rel=\"noopener\" class=\"soft-link\">\n          Acc\u00e9der (navigateur)\n        <\/a>\n      <\/li>\n      <li>\n        <span class=\"soft-name\">Darktable<\/span>\n        <span class=\"soft-desc\">\n          D\u00e9veloppement de fichiers RAW (alternative libre \u00e0 Lightroom).\n        <\/span>\n        <a href=\"https:\/\/www.darktable.org\/\" target=\"_blank\" rel=\"noopener\" class=\"soft-link\">\n          Site officiel\n        <\/a>\n      <\/li>\n      <li>\n        <span class=\"soft-name\">RawTherapee<\/span>\n        <span class=\"soft-desc\">\n          Convertisseur RAW libre, orient\u00e9 qualit\u00e9 d\u2019image.\n        <\/span>\n        <a href=\"https:\/\/rawtherapee.com\/\" target=\"_blank\" rel=\"noopener\" class=\"soft-link\">\n          Site officiel\n        <\/a>\n      <\/li>\n      <li>\n        <span class=\"soft-name\">Paint.NET<\/span>\n        <span class=\"soft-desc\">\n          \u00c9diteur d\u2019images simple et efficace pour Windows.\n        <\/span>\n        <a href=\"https:\/\/www.getpaint.net\/\" target=\"_blank\" rel=\"noopener\" class=\"soft-link\">\n          Site officiel\n        <\/a>\n      <\/li>\n    <\/ul>\n  <\/div>\n\n  <!-- 4. Dessin vectoriel -->\n  <div class=\"soft-section\">\n    <h2>Dessin vectoriel &amp; logos (alternatives \u00e0 Illustrator)<\/h2>\n    <p class=\"soft-section-desc\">\n      Id\u00e9al pour la cr\u00e9ation de logos, pictogrammes, illustrations vectorielles et UI.\n    <\/p>\n    <ul class=\"soft-list\">\n      <li>\n        <span class=\"soft-name\">Inkscape<\/span>\n        <span class=\"soft-desc\">\n          R\u00e9f\u00e9rence libre pour le dessin vectoriel, multi-plateforme.\n        <\/span>\n        <a href=\"https:\/\/inkscape.org\/\" target=\"_blank\" rel=\"noopener\" class=\"soft-link\">\n          Site officiel\n        <\/a>\n      <\/li>\n      <li>\n        <span class=\"soft-name\">Figma (plan gratuit)<\/span>\n        <span class=\"soft-desc\">\n          Design d\u2019interface et prototypage collaboratif, dans le navigateur.\n        <\/span>\n        <a href=\"https:\/\/www.figma.com\/\" target=\"_blank\" rel=\"noopener\" class=\"soft-link\">\n          Acc\u00e9der\n        <\/a>\n      <\/li>\n      <li>\n        <span class=\"soft-name\">Penpot<\/span>\n        <span class=\"soft-desc\">\n          Alternative open source \u00e0 Figma pour l\u2019UI\/UX design.\n        <\/span>\n        <a href=\"https:\/\/penpot.app\/\" target=\"_blank\" rel=\"noopener\" class=\"soft-link\">\n          Site officiel\n        <\/a>\n      <\/li>\n      <li>\n        <span class=\"soft-name\">Gravit Designer<\/span>\n        <span class=\"soft-desc\">\n          Outil vectoriel moderne pour interfaces et illustrations.\n        <\/span>\n        <a href=\"https:\/\/www.designer.io\/\" target=\"_blank\" rel=\"noopener\" class=\"soft-link\">\n          Site officiel\n        <\/a>\n      <\/li>\n    <\/ul>\n  <\/div>\n\n  <!-- 5. Mise en page & PAO -->\n  <div class=\"soft-section\">\n    <h2>Mise en page &amp; PAO (alternatives \u00e0 InDesign)<\/h2>\n    <p class=\"soft-section-desc\">\n      Pour cr\u00e9er des affiches, flyers, brochures, livres et documents complexes.\n    <\/p>\n    <ul class=\"soft-list\">\n      <li>\n        <span class=\"soft-name\">Scribus<\/span>\n        <span class=\"soft-desc\">\n          Logiciel libre de PAO pour mises en page professionnelles.\n        <\/span>\n        <a href=\"https:\/\/www.scribus.net\/\" target=\"_blank\" rel=\"noopener\" class=\"soft-link\">\n          Site officiel\n        <\/a>\n      <\/li>\n      <li>\n        <span class=\"soft-name\">Canva (version gratuite)<\/span>\n        <span class=\"soft-desc\">\n          Cr\u00e9ation graphique et mise en page en ligne avec de nombreux mod\u00e8les.\n        <\/span>\n        <a href=\"https:\/\/www.canva.com\/\" target=\"_blank\" rel=\"noopener\" class=\"soft-link\">\n          Acc\u00e9der\n        <\/a>\n      <\/li>\n      <li>\n        <span class=\"soft-name\">LaTeX + TeXstudio<\/span>\n        <span class=\"soft-desc\">\n          Pour des mises en page tr\u00e8s structur\u00e9es (rapports, th\u00e8ses, livres).\n        <\/span>\n        <a href=\"https:\/\/www.texstudio.org\/\" target=\"_blank\" rel=\"noopener\" class=\"soft-link\">\n          TeXstudio\n        <\/a>\n      <\/li>\n    <\/ul>\n  <\/div>\n\n  <!-- 6. Peinture num\u00e9rique & illustration -->\n  <div class=\"soft-section\">\n    <h2>Peinture num\u00e9rique &amp; illustration<\/h2>\n    <p class=\"soft-section-desc\">\n      Parfait pour l\u2019art num\u00e9rique, le concept art, le manga et la BD.\n    <\/p>\n    <ul class=\"soft-list\">\n      <li>\n        <span class=\"soft-name\">Krita<\/span>\n        <span class=\"soft-desc\">\n          Outil de peinture num\u00e9rique complet, con\u00e7u pour les illustrateurs.\n        <\/span>\n        <a href=\"https:\/\/krita.org\/\" target=\"_blank\" rel=\"noopener\" class=\"soft-link\">\n          Site officiel\n        <\/a>\n      <\/li>\n      <li>\n        <span class=\"soft-name\">MediBang Paint<\/span>\n        <span class=\"soft-desc\">\n          Pens\u00e9 pour le manga et la bande dessin\u00e9e, multi-plateforme.\n        <\/span>\n        <a href=\"https:\/\/medibangpaint.com\/\" target=\"_blank\" rel=\"noopener\" class=\"soft-link\">\n          Site officiel\n        <\/a>\n      <\/li>\n      <li>\n        <span class=\"soft-name\">FireAlpaca<\/span>\n        <span class=\"soft-desc\">\n          Logiciel de dessin l\u00e9ger et accessible pour illustrateurs.\n        <\/span>\n        <a href=\"https:\/\/firealpaca.com\/\" target=\"_blank\" rel=\"noopener\" class=\"soft-link\">\n          Site officiel\n        <\/a>\n      <\/li>\n      <li>\n        <span class=\"soft-name\">Autodesk SketchBook<\/span>\n        <span class=\"soft-desc\">\n          Outil de dessin fluide, gratuit pour un usage personnel.\n        <\/span>\n        <a href=\"https:\/\/www.sketchbook.com\/\" target=\"_blank\" rel=\"noopener\" class=\"soft-link\">\n          Site officiel\n        <\/a>\n      <\/li>\n    <\/ul>\n  <\/div>\n\n  <!-- 7. 3D & animation -->\n  <div class=\"soft-section\">\n    <h2>3D, animation &amp; rendu<\/h2>\n    <p class=\"soft-section-desc\">\n      Mod\u00e9lisation, animation, rendu et prototypage 3D.\n    <\/p>\n    <ul class=\"soft-list\">\n      <li>\n        <span class=\"soft-name\">Blender<\/span>\n        <span class=\"soft-desc\">\n          Suite 3D compl\u00e8te : mod\u00e9lisation, animation, rendu, vid\u00e9o.\n        <\/span>\n        <a href=\"https:\/\/www.blender.org\/\" target=\"_blank\" rel=\"noopener\" class=\"soft-link\">\n          Site officiel\n        <\/a>\n      <\/li>\n      <li>\n        <span class=\"soft-name\">FreeCAD<\/span>\n        <span class=\"soft-desc\">\n          CAO param\u00e9trique libre pour conception 3D technique.\n        <\/span>\n        <a href=\"https:\/\/www.freecad.org\/\" target=\"_blank\" rel=\"noopener\" class=\"soft-link\">\n          Site officiel\n        <\/a>\n      <\/li>\n      <li>\n        <span class=\"soft-name\">SketchUp Free<\/span>\n        <span class=\"soft-desc\">\n          Mod\u00e9lisation 3D dans le navigateur, pour architecture et design.\n        <\/span>\n        <a href=\"https:\/\/www.sketchup.com\/plans-and-pricing\/sketchup-free\" target=\"_blank\" rel=\"noopener\" class=\"soft-link\">\n          Acc\u00e9der\n        <\/a>\n      <\/li>\n    <\/ul>\n  <\/div>\n\n  <!-- 8. Montage vid\u00e9o & motion -->\n  <div class=\"soft-section\">\n    <h2>Montage vid\u00e9o &amp; motion design<\/h2>\n    <p class=\"soft-section-desc\">\n      Pour monter, \u00e9talonner et habiller vos vid\u00e9os.\n    <\/p>\n    <ul class=\"soft-list\">\n      <li>\n        <span class=\"soft-name\">DaVinci Resolve (Free)<\/span>\n        <span class=\"soft-desc\">\n          Montage, \u00e9talonnage, VFX et audio de niveau professionnel.\n        <\/span>\n        <a href=\"https:\/\/www.blackmagicdesign.com\/products\/davinciresolve\" target=\"_blank\" rel=\"noopener\" class=\"soft-link\">\n          Site officiel\n        <\/a>\n      <\/li>\n      <li>\n        <span class=\"soft-name\">Kdenlive<\/span>\n        <span class=\"soft-desc\">\n          \u00c9diteur vid\u00e9o libre, puissant et polyvalent.\n        <\/span>\n        <a href=\"https:\/\/kdenlive.org\/\" target=\"_blank\" rel=\"noopener\" class=\"soft-link\">\n          Site officiel\n        <\/a>\n      <\/li>\n      <li>\n        <span class=\"soft-name\">Shotcut<\/span>\n        <span class=\"soft-desc\">\n          \u00c9diteur vid\u00e9o multi-plateforme, simple et efficace.\n        <\/span>\n        <a href=\"https:\/\/shotcut.org\/\" target=\"_blank\" rel=\"noopener\" class=\"soft-link\">\n          Site officiel\n        <\/a>\n      <\/li>\n    <\/ul>\n  <\/div>\n\n  <!-- 9. Audio & MAO -->\n  <div class=\"soft-section\">\n    <h2>Audio, podcast &amp; MAO<\/h2>\n    <p class=\"soft-section-desc\">\n      Pour enregistrer, monter et composer de l\u2019audio.\n    <\/p>\n    <ul class=\"soft-list\">\n      <li>\n        <span class=\"soft-name\">Audacity<\/span>\n        <span class=\"soft-desc\">\n          Indispensable pour le montage et le nettoyage audio.\n        <\/span>\n        <a href=\"https:\/\/www.audacityteam.org\/\" target=\"_blank\" rel=\"noopener\" class=\"soft-link\">\n          Site officiel\n        <\/a>\n      <\/li>\n      <li>\n        <span class=\"soft-name\">Ocenaudio<\/span>\n        <span class=\"soft-desc\">\n          \u00c9diteur audio moderne, simple et rapide.\n        <\/span>\n        <a href=\"https:\/\/www.ocenaudio.com\/\" target=\"_blank\" rel=\"noopener\" class=\"soft-link\">\n          Site officiel\n        <\/a>\n      <\/li>\n      <li>\n        <span class=\"soft-name\">LMMS<\/span>\n        <span class=\"soft-desc\">\n          Station de travail audio libre pour la composition musicale.\n        <\/span>\n        <a href=\"https:\/\/lmms.io\/\" target=\"_blank\" rel=\"noopener\" class=\"soft-link\">\n          Site officiel\n        <\/a>\n      <\/li>\n    <\/ul>\n  <\/div>\n\n  <!-- 10. Web, design & utilitaires -->\n  <div class=\"soft-section\">\n    <h2>Web, design &amp; utilitaires pratiques<\/h2>\n    <p class=\"soft-section-desc\">\n      Outils utiles au quotidien pour le web, le code, les polices et les captures \u00e9cran.\n    <\/p>\n    <ul class=\"soft-list\">\n      <li>\n        <span class=\"soft-name\">Visual Studio Code<\/span>\n        <span class=\"soft-desc\">\n          \u00c9diteur de code moderne pour HTML, CSS, JS et bien plus.\n        <\/span>\n        <a href=\"https:\/\/code.visualstudio.com\/\" target=\"_blank\" rel=\"noopener\" class=\"soft-link\">\n          Site officiel\n        <\/a>\n      <\/li>\n      <li>\n        <span class=\"soft-name\">Notepad++<\/span>\n        <span class=\"soft-desc\">\n          \u00c9diteur de texte avanc\u00e9 pour Windows, id\u00e9al pour le code rapide.\n        <\/span>\n        <a href=\"https:\/\/notepad-plus-plus.org\/\" target=\"_blank\" rel=\"noopener\" class=\"soft-link\">\n          Site officiel\n        <\/a>\n      <\/li>\n      <li>\n        <span class=\"soft-name\">FileZilla<\/span>\n        <span class=\"soft-desc\">\n          Client FTP libre pour g\u00e9rer les fichiers de sites web.\n        <\/span>\n        <a href=\"https:\/\/filezilla-project.org\/\" target=\"_blank\" rel=\"noopener\" class=\"soft-link\">\n          Site officiel\n        <\/a>\n      <\/li>\n      <li>\n        <span class=\"soft-name\">ShareX<\/span>\n        <span class=\"soft-desc\">\n          Capture d\u2019\u00e9cran avanc\u00e9e &amp; enregistrement vid\u00e9o de l\u2019\u00e9cran.\n        <\/span>\n        <a href=\"https:\/\/getsharex.com\/\" target=\"_blank\" rel=\"noopener\" class=\"soft-link\">\n          Site officiel\n        <\/a>\n      <\/li>\n      <li>\n        <span class=\"soft-name\">PureRef<\/span>\n        <span class=\"soft-desc\">\n          Tableau de r\u00e9f\u00e9rences visuelles pour artistes &amp; designers.\n        <\/span>\n        <a href=\"https:\/\/www.pureref.com\/\" target=\"_blank\" rel=\"noopener\" class=\"soft-link\">\n          Site officiel\n        <\/a>\n      <\/li>\n    <\/ul>\n  <\/div>\n\n  <div class=\"soft-footer-note\">\n    <p>\n      Tous les logiciels pr\u00e9sent\u00e9s ici sont gratuits au moment de la r\u00e9daction\n      (open source, freeware ou version gratuite limit\u00e9e). V\u00e9rifiez toujours les\n      conditions d\u2019utilisation sur le site officiel avant installation.\n    <\/p>\n    <p class=\"soft-footer-cta\">\n      Besoin d\u2019aide pour choisir, installer ou prendre en main ces outils&nbsp;?\n      <a href=\"\/contact\">Contactez-moi<\/a> pour un accompagnement personnalis\u00e9.\n    <\/p>\n  <\/div>\n<\/section>\n\n","protected":false},"excerpt":{"rendered":"<p>Ressources cr\u00e9atives &#038; bureautiques Logith\u00e8que professionnelle compl\u00e8te Une s\u00e9lection de logiciels gratuits ou \u00e0 licence libre, r\u00e9put\u00e9s et fiables, pour la bureautique, la cr\u00e9ation graphique, la vid\u00e9o, l\u2019audio, la 3D, le web et l\u2019illustration. Une logith\u00e8que pens\u00e9e pour les cr\u00e9atifs, \u00e9tudiants, ind\u00e9pendants et petites structures. \ud83c\udfa8 Design \ud83d\udcd1 Bureautique \ud83d\uddbc Retouche photo \u270f\ufe0f Vectoriel \ud83c\udfac [&#8230;]\n","protected":false},"author":1,"featured_media":0,"parent":0,"menu_order":0,"comment_status":"closed","ping_status":"closed","template":"","meta":{"footnotes":""},"class_list":["post-1335","page","type-page","status-publish","hentry"],"aioseo_notices":[],"_links":{"self":[{"href":"https:\/\/creagif.fr\/index.php?rest_route=\/wp\/v2\/pages\/1335","targetHints":{"allow":["GET"]}}],"collection":[{"href":"https:\/\/creagif.fr\/index.php?rest_route=\/wp\/v2\/pages"}],"about":[{"href":"https:\/\/creagif.fr\/index.php?rest_route=\/wp\/v2\/types\/page"}],"author":[{"embeddable":true,"href":"https:\/\/creagif.fr\/index.php?rest_route=\/wp\/v2\/users\/1"}],"replies":[{"embeddable":true,"href":"https:\/\/creagif.fr\/index.php?rest_route=%2Fwp%2Fv2%2Fcomments&post=1335"}],"version-history":[{"count":10,"href":"https:\/\/creagif.fr\/index.php?rest_route=\/wp\/v2\/pages\/1335\/revisions"}],"predecessor-version":[{"id":1862,"href":"https:\/\/creagif.fr\/index.php?rest_route=\/wp\/v2\/pages\/1335\/revisions\/1862"}],"wp:attachment":[{"href":"https:\/\/creagif.fr\/index.php?rest_route=%2Fwp%2Fv2%2Fmedia&parent=1335"}],"curies":[{"name":"wp","href":"https:\/\/api.w.org\/{rel}","templated":true}]}}