{"id":1395,"date":"2025-03-06T22:46:13","date_gmt":"2025-03-06T22:46:13","guid":{"rendered":"https:\/\/creagif.fr\/?post_type=product&#038;p=1395"},"modified":"2025-05-31T07:33:47","modified_gmt":"2025-05-31T07:33:47","slug":"1395","status":"publish","type":"product","link":"https:\/\/creagif.fr\/?product=1395","title":{"rendered":"Portrait femme \u00e0 la cigarette"},"content":{"rendered":"<p>Paiement : <a href=\"https:\/\/buy.stripe.com\/28obJRd5DePIbSg9AA\">https:\/\/buy.stripe.com\/28obJRd5DePIbSg9AA<\/a><\/p>\n<p>Je r\u00e9duis le co\u00fbt de toutes mes \u0153uvres \u00e0 50 euros.<\/p>\n<p>Si vous \u00eates en \u00cele-de-France, je peux vous l\u2019apporter en main propre, sinon je peux vous l\u2019envoyer par la poste. Vous pouvez bien entendu me payer apr\u00e8s avoir re\u00e7u l\u2019\u0153uvre.<\/p>\n<p>Vous pourrez toutes les retrouver sur <a rel=\"nofollow\" href=\"https:\/\/creagif.fr\/products-2\/\">https:\/\/creagif.fr\/products<\/a><\/p>\n<p>Bien cordialement.<\/p>\n","protected":false},"excerpt":{"rendered":"<p>Paiement : https:\/\/buy.stripe.com\/28obJRd5DePIbSg9AA Je r\u00e9duis le co\u00fbt de toutes mes \u0153uvres \u00e0 50 euros. Si vous \u00eates en \u00cele-de-France, je peux vous l\u2019apporter en main propre, sinon je peux vous l\u2019envoyer par la poste. Vous pouvez bien entendu me payer apr\u00e8s avoir re\u00e7u l\u2019\u0153uvre. Vous pourrez toutes les retrouver sur https:\/\/creagif.fr\/products Bien cordialement.<\/p>\n","protected":false},"featured_media":324,"comment_status":"open","ping_status":"closed","template":"","meta":[],"product_cat":[16],"product_tag":[],"class_list":{"0":"post-1395","1":"product","2":"type-product","3":"status-publish","4":"has-post-thumbnail","6":"product_cat-uncategorized","8":"first","9":"instock","10":"shipping-taxable","11":"product-type-grouped"},"aioseo_notices":[],"_links":{"self":[{"href":"https:\/\/creagif.fr\/index.php?rest_route=\/wp\/v2\/product\/1395","targetHints":{"allow":["GET"]}}],"collection":[{"href":"https:\/\/creagif.fr\/index.php?rest_route=\/wp\/v2\/product"}],"about":[{"href":"https:\/\/creagif.fr\/index.php?rest_route=\/wp\/v2\/types\/product"}],"replies":[{"embeddable":true,"href":"https:\/\/creagif.fr\/index.php?rest_route=%2Fwp%2Fv2%2Fcomments&post=1395"}],"version-history":[{"count":5,"href":"https:\/\/creagif.fr\/index.php?rest_route=\/wp\/v2\/product\/1395\/revisions"}],"predecessor-version":[{"id":1401,"href":"https:\/\/creagif.fr\/index.php?rest_route=\/wp\/v2\/product\/1395\/revisions\/1401"}],"wp:featuredmedia":[{"embeddable":true,"href":"https:\/\/creagif.fr\/index.php?rest_route=\/wp\/v2\/media\/324"}],"wp:attachment":[{"href":"https:\/\/creagif.fr\/index.php?rest_route=%2Fwp%2Fv2%2Fmedia&parent=1395"}],"wp:term":[{"taxonomy":"product_cat","embeddable":true,"href":"https:\/\/creagif.fr\/index.php?rest_route=%2Fwp%2Fv2%2Fproduct_cat&post=1395"},{"taxonomy":"product_tag","embeddable":true,"href":"https:\/\/creagif.fr\/index.php?rest_route=%2Fwp%2Fv2%2Fproduct_tag&post=1395"}],"curies":[{"name":"wp","href":"https:\/\/api.w.org\/{rel}","templated":true}]}}